{"id":13,"date":"2016-01-01T00:00:34","date_gmt":"2015-12-31T23:00:34","guid":{"rendered":"http:\/\/www.michaelamogath.de\/?page_id=13"},"modified":"2026-01-01T20:10:23","modified_gmt":"2026-01-01T19:10:23","slug":"p13","status":"publish","type":"page","link":"https:\/\/www.michaelamogath.de\/?page_id=13","title":{"rendered":"Preisliste"},"content":{"rendered":"\n<p>Meine Shootings finden in der Regel in meinem Fotostudio&nbsp;statt.<br>Nat\u00fcrlich k\u00f6nnen wir auch nach drau\u00dfen gehen, um dort die Fotos zu machen&#8230;<\/p>\n\n\n\n<h6 class=\"wp-block-heading\">Ab dem 01.01.2026\u00a0gelten folgende Preise:<\/h6>\n\n\n\n<h1 class=\"wp-block-heading\"><strong><span style=\"text-decoration: underline;\">Newborn\/Babyshootings<\/span>:<br><\/strong><span style=\"font-size: 16px;\">inkl. aller Dateien als hochaufl\u00f6sende Dateien:&nbsp;<\/span><strong style=\"font-size: 16px;\">100,00 Euro<\/strong><\/h1>\n\n\n\n<h1 class=\"wp-block-heading\"><span style=\"text-decoration: underline;\"><strong>F\u00fcr Kinder, Familie, etc. gibt es folgende Paketpreise:<\/strong><\/span><\/h1>\n\n\n\n<h6 class=\"wp-block-heading\"><strong>Paket Mini<\/strong>: bis zu 20 hochaufl\u00f6sende Dateien: <strong>55,00 Euro<\/strong><\/h6>\n\n\n\n<h6 class=\"wp-block-heading\"><strong>Paket Midi<\/strong>: bis zu 30 hochaufl\u00f6sende Dateien: <strong>75,00 Euro<\/strong><\/h6>\n\n\n\n<h6 class=\"wp-block-heading\"><strong>Paket Maxi<\/strong>: komplette Galerie als hochaufl\u00f6sende Dateien: <strong>100,00 Euro<\/strong><span style=\"color: #000000;\"><strong>&nbsp;<\/strong><\/span><strong><br><\/strong><\/h6>\n\n\n\n<h6 class=\"wp-block-heading\"><span style=\"text-decoration: underline;\">Digitale Biometrische Passbilder:<\/span> <strong>15,00 Euro<\/strong><br>&#8211; QR Code direkt zum Mitnehmen + 6 biometrische oder freundliche Passbilder als Ausdruck<\/h6>\n\n\n\n<h6 class=\"wp-block-heading\"><span style=\"text-decoration: underline;\">Bewerbungsbilder:<\/span>&nbsp;<strong>10,00 Euro<br><\/strong>(bis zu 6&nbsp;Bilder)<\/h6>\n\n\n\n<h6 class=\"wp-block-heading\"><span style=\"text-decoration: underline;\">Digitale Bewerbungsbilder:<\/span>  <strong>15,00 Euro<\/strong><\/h6>\n\n\n\n<h6 class=\"wp-block-heading\"><span style=\"text-decoration: underline;\"><span style=\"color: #ff00ff;\"><strong><br><\/strong><\/span><\/span><em><span style=\"color: #ff00ff;\"><span style=\"color: #333333;\">Kein Ausweis von Umsatzsteuer, da Kleinunternehmer gem\u00e4\u00df \u00a7 19 Abs. 1 UStG<\/span><\/span><\/em><\/h6>\n\n\n\n<p><\/p>\n","protected":false},"excerpt":{"rendered":"<p>Meine Shootings finden in der Regel in meinem Fotostudio&nbsp;statt.Nat\u00fcrlich k\u00f6nnen wir auch nach drau\u00dfen gehen, um&hellip;<\/p>\n","protected":false},"author":1,"featured_media":0,"parent":0,"menu_order":3,"comment_status":"closed","ping_status":"closed","template":"","meta":{"ngg_post_thumbnail":0,"footnotes":""},"class_list":["post-13","page","type-page","status-publish","hentry"],"_links":{"self":[{"href":"https:\/\/www.michaelamogath.de\/index.php?rest_route=\/wp\/v2\/pages\/13","targetHints":{"allow":["GET"]}}],"collection":[{"href":"https:\/\/www.michaelamogath.de\/index.php?rest_route=\/wp\/v2\/pages"}],"about":[{"href":"https:\/\/www.michaelamogath.de\/index.php?rest_route=\/wp\/v2\/types\/page"}],"author":[{"embeddable":true,"href":"https:\/\/www.michaelamogath.de\/index.php?rest_route=\/wp\/v2\/users\/1"}],"replies":[{"embeddable":true,"href":"https:\/\/www.michaelamogath.de\/index.php?rest_route=%2Fwp%2Fv2%2Fcomments&post=13"}],"version-history":[{"count":116,"href":"https:\/\/www.michaelamogath.de\/index.php?rest_route=\/wp\/v2\/pages\/13\/revisions"}],"predecessor-version":[{"id":6397,"href":"https:\/\/www.michaelamogath.de\/index.php?rest_route=\/wp\/v2\/pages\/13\/revisions\/6397"}],"wp:attachment":[{"href":"https:\/\/www.michaelamogath.de\/index.php?rest_route=%2Fwp%2Fv2%2Fmedia&parent=13"}],"curies":[{"name":"wp","href":"https:\/\/api.w.org\/{rel}","templated":true}]}}